{"id":76,"date":"2017-09-29T16:20:32","date_gmt":"2017-09-29T14:20:32","guid":{"rendered":"http:\/\/asco-onera.com\/?page_id=76"},"modified":"2017-10-12T11:33:11","modified_gmt":"2017-10-12T09:33:11","slug":"services","status":"publish","type":"page","link":"https:\/\/asco-onera.com\/index.php\/services\/","title":{"rendered":"Services"},"content":{"rendered":"<div class=\"members-access-error\">\n<p>D\u00e9sol\u00e9, vous n&rsquo;\u00eates pas autoris\u00e9.e \u00e0 voir ce contenu.<\/p>\n<\/div>\n","protected":false},"excerpt":{"rendered":"<div class=\"members-access-error\">\n<p>D\u00e9sol\u00e9, vous n&rsquo;\u00eates pas autoris\u00e9.e \u00e0 voir ce contenu.<\/p>\n<\/div>\n","protected":false},"author":1,"featured_media":0,"parent":0,"menu_order":0,"comment_status":"closed","ping_status":"closed","template":"","meta":{"footnotes":"","_mc_calendar":[]},"_links":{"self":[{"href":"https:\/\/asco-onera.com\/index.php\/wp-json\/wp\/v2\/pages\/76"}],"collection":[{"href":"https:\/\/asco-onera.com\/index.php\/wp-json\/wp\/v2\/pages"}],"about":[{"href":"https:\/\/asco-onera.com\/index.php\/wp-json\/wp\/v2\/types\/page"}],"author":[{"embeddable":true,"href":"https:\/\/asco-onera.com\/index.php\/wp-json\/wp\/v2\/users\/1"}],"replies":[{"embeddable":true,"href":"https:\/\/asco-onera.com\/index.php\/wp-json\/wp\/v2\/comments?post=76"}],"version-history":[{"count":3,"href":"https:\/\/asco-onera.com\/index.php\/wp-json\/wp\/v2\/pages\/76\/revisions"}],"predecessor-version":[{"id":473,"href":"https:\/\/asco-onera.com\/index.php\/wp-json\/wp\/v2\/pages\/76\/revisions\/473"}],"wp:attachment":[{"href":"https:\/\/asco-onera.com\/index.php\/wp-json\/wp\/v2\/media?parent=76"}],"curies":[{"name":"wp","href":"https:\/\/api.w.org\/{rel}","templated":true}]}}