{"id":649,"date":"2017-10-13T10:18:51","date_gmt":"2017-10-13T08:18:51","guid":{"rendered":"https:\/\/asco-onera.com\/?page_id=649"},"modified":"2023-08-29T08:38:27","modified_gmt":"2023-08-29T06:38:27","slug":"tennis-de-table-assemblee-generale","status":"publish","type":"page","link":"https:\/\/asco-onera.com\/index.php\/liste-des-sections\/nos-sections-sportives\/tennis-de-table\/tennis-de-table-assemblee-generale\/","title":{"rendered":"Assembl\u00e9e G\u00e9n\u00e9rale"},"content":{"rendered":"<div class=\"members-access-error\">\n<p>D\u00e9sol\u00e9, vous n&rsquo;\u00eates pas autoris\u00e9.e \u00e0 voir ce contenu.<\/p>\n<\/div>\n","protected":false},"excerpt":{"rendered":"<div class=\"members-access-error\">\n<p>D\u00e9sol\u00e9, vous n&rsquo;\u00eates pas autoris\u00e9.e \u00e0 voir ce contenu.<\/p>\n<\/div>\n","protected":false},"author":25,"featured_media":0,"parent":646,"menu_order":0,"comment_status":"closed","ping_status":"closed","template":"","meta":{"footnotes":"","_mc_calendar":[]},"_links":{"self":[{"href":"https:\/\/asco-onera.com\/index.php\/wp-json\/wp\/v2\/pages\/649"}],"collection":[{"href":"https:\/\/asco-onera.com\/index.php\/wp-json\/wp\/v2\/pages"}],"about":[{"href":"https:\/\/asco-onera.com\/index.php\/wp-json\/wp\/v2\/types\/page"}],"author":[{"embeddable":true,"href":"https:\/\/asco-onera.com\/index.php\/wp-json\/wp\/v2\/users\/25"}],"replies":[{"embeddable":true,"href":"https:\/\/asco-onera.com\/index.php\/wp-json\/wp\/v2\/comments?post=649"}],"version-history":[{"count":2,"href":"https:\/\/asco-onera.com\/index.php\/wp-json\/wp\/v2\/pages\/649\/revisions"}],"predecessor-version":[{"id":5296,"href":"https:\/\/asco-onera.com\/index.php\/wp-json\/wp\/v2\/pages\/649\/revisions\/5296"}],"up":[{"embeddable":true,"href":"https:\/\/asco-onera.com\/index.php\/wp-json\/wp\/v2\/pages\/646"}],"wp:attachment":[{"href":"https:\/\/asco-onera.com\/index.php\/wp-json\/wp\/v2\/media?parent=649"}],"curies":[{"name":"wp","href":"https:\/\/api.w.org\/{rel}","templated":true}]}}