{"id":6185,"date":"2024-10-23T11:00:19","date_gmt":"2024-10-23T09:00:19","guid":{"rendered":"https:\/\/asco-onera.com\/?page_id=6185"},"modified":"2026-04-08T10:49:21","modified_gmt":"2026-04-08T08:49:21","slug":"asco-news","status":"publish","type":"page","link":"https:\/\/asco-onera.com\/index.php\/asco-news\/","title":{"rendered":"Actualit\u00e9s"},"content":{"rendered":"<div style=\"text-align: center;\">\n<p align=\"center\"><img loading=\"lazy\" decoding=\"async\" class=\"aligncenter wp-image-5340\" src=\"https:\/\/asco-onera.com\/wp-content\/uploads\/2023\/09\/logo_ASCO_NEWS-300x43.png\" alt=\"logo_ASCO_NEWS\" width=\"422\" height=\"60\" srcset=\"https:\/\/asco-onera.com\/wp-content\/uploads\/2023\/09\/logo_ASCO_NEWS-300x43.png 300w, https:\/\/asco-onera.com\/wp-content\/uploads\/2023\/09\/logo_ASCO_NEWS-1024x146.png 1024w, https:\/\/asco-onera.com\/wp-content\/uploads\/2023\/09\/logo_ASCO_NEWS-768x109.png 768w, https:\/\/asco-onera.com\/wp-content\/uploads\/2023\/09\/logo_ASCO_NEWS.png 1343w\" sizes=\"(max-width: 422px) 100vw, 422px\" \/><\/p>\n<p><a href=\"https:\/\/asco-onera.com\/wp-content\/uploads\/2026\/04\/ASCO_NEWS_No44.pdf\"><strong>Num\u00e9ro 44<\/strong><\/a>\u00a0&#8211; 08 avril 2026<\/p>\n<p><a href=\"https:\/\/asco-onera.com\/wp-content\/uploads\/2026\/03\/ASCO_NEWS_No43.pdf\"><strong>Num\u00e9ro 43<\/strong><\/a> &#8211; 04 mars 2026<\/p>\n<p><a href=\"https:\/\/asco-onera.com\/wp-content\/uploads\/2026\/02\/ASCO_NEWS_No42.pdf\"><strong>Num\u00e9ro 42<\/strong><\/a>\u00a0&#8211; 04 f\u00e9vrier 2026<\/p>\n<p><a href=\"https:\/\/asco-onera.com\/wp-content\/uploads\/2026\/01\/ASCO_NEWS_No41.pdf\"><strong>Num\u00e9ro 41<\/strong><\/a> &#8211; 12 janvier 2026<\/p>\n<p><a href=\"https:\/\/asco-onera.com\/wp-content\/uploads\/2025\/12\/ASCO_NEWS_No40.pdf\"><strong>Num\u00e9ro 40<\/strong><\/a>\u00a0&#8211; 03 d\u00e9cembre 2025<\/p>\n<p><a href=\"https:\/\/asco-onera.com\/wp-content\/uploads\/2025\/11\/ASCO_NEWS_No39.pdf\"><strong>Num\u00e9ro 39<\/strong><\/a>\u00a0&#8211; 07 novembre 2025<\/p>\n<p><a href=\"https:\/\/asco-onera.com\/wp-content\/uploads\/2025\/10\/ASCO_NEWS_No38.pdf\"><strong>Num\u00e9ro 38<\/strong><\/a>\u00a0&#8211; 01 octobre 2025<\/p>\n<p><a href=\"https:\/\/asco-onera.com\/wp-content\/uploads\/2025\/09\/ASCO_NEWS_No37.pdf\"><strong>Num\u00e9ro 37<\/strong><\/a>\u00a0&#8211; 03 septembre 2025<\/p>\n<p><a href=\"https:\/\/asco-onera.com\/wp-content\/uploads\/2025\/06\/ASCO_NEWS_No36.pdf\"><strong>Num\u00e9ro 36<\/strong><\/a> &#8211; 10 juin 2025<\/p>\n<p><a href=\"https:\/\/asco-onera.com\/wp-content\/uploads\/2025\/05\/ASCO_NEWS_No35.pdf\"><strong>Num\u00e9ro 35<\/strong><\/a> &#8211; 06 mai 2025<\/p>\n<p><a href=\"https:\/\/asco-onera.com\/wp-content\/uploads\/2025\/04\/ASCO_NEWS_No34.pdf\"><strong>Num\u00e9ro 34<\/strong><\/a> &#8211; 01 avril 2025<\/p>\n<\/div>\n","protected":false},"excerpt":{"rendered":"<p>Num\u00e9ro 44\u00a0&#8211; 08 avril 2026 Num\u00e9ro 43 &#8211; 04 mars 2026 Num\u00e9ro 42\u00a0&#8211; 04 f\u00e9vrier 2026 Num\u00e9ro 41 &#8211; 12 janvier 2026 Num\u00e9ro 40\u00a0&#8211; 03 &hellip; <\/p>\n","protected":false},"author":1,"featured_media":0,"parent":0,"menu_order":0,"comment_status":"closed","ping_status":"closed","template":"","meta":{"footnotes":"","_mc_calendar":[]},"_links":{"self":[{"href":"https:\/\/asco-onera.com\/index.php\/wp-json\/wp\/v2\/pages\/6185"}],"collection":[{"href":"https:\/\/asco-onera.com\/index.php\/wp-json\/wp\/v2\/pages"}],"about":[{"href":"https:\/\/asco-onera.com\/index.php\/wp-json\/wp\/v2\/types\/page"}],"author":[{"embeddable":true,"href":"https:\/\/asco-onera.com\/index.php\/wp-json\/wp\/v2\/users\/1"}],"replies":[{"embeddable":true,"href":"https:\/\/asco-onera.com\/index.php\/wp-json\/wp\/v2\/comments?post=6185"}],"version-history":[{"count":35,"href":"https:\/\/asco-onera.com\/index.php\/wp-json\/wp\/v2\/pages\/6185\/revisions"}],"predecessor-version":[{"id":7892,"href":"https:\/\/asco-onera.com\/index.php\/wp-json\/wp\/v2\/pages\/6185\/revisions\/7892"}],"wp:attachment":[{"href":"https:\/\/asco-onera.com\/index.php\/wp-json\/wp\/v2\/media?parent=6185"}],"curies":[{"name":"wp","href":"https:\/\/api.w.org\/{rel}","templated":true}]}}