{"id":537,"date":"2017-10-12T16:34:58","date_gmt":"2017-10-12T14:34:58","guid":{"rendered":"https:\/\/asco-onera.com\/?page_id=537"},"modified":"2025-04-15T14:08:05","modified_gmt":"2025-04-15T12:08:05","slug":"judo","status":"publish","type":"page","link":"https:\/\/asco-onera.com\/index.php\/liste-des-sections\/nos-sections-sportives\/judo\/","title":{"rendered":"ASCO Judo"},"content":{"rendered":"<div class=\"members-access-error\">\n<p>D\u00e9sol\u00e9, vous n&rsquo;\u00eates pas autoris\u00e9.e \u00e0 voir ce contenu.<\/p>\n<\/div>\n","protected":false},"excerpt":{"rendered":"<div class=\"members-access-error\">\n<p>D\u00e9sol\u00e9, vous n&rsquo;\u00eates pas autoris\u00e9.e \u00e0 voir ce contenu.<\/p>\n<\/div>\n","protected":false},"author":20,"featured_media":0,"parent":4700,"menu_order":0,"comment_status":"closed","ping_status":"closed","template":"","meta":{"footnotes":"","_mc_calendar":[]},"_links":{"self":[{"href":"https:\/\/asco-onera.com\/index.php\/wp-json\/wp\/v2\/pages\/537"}],"collection":[{"href":"https:\/\/asco-onera.com\/index.php\/wp-json\/wp\/v2\/pages"}],"about":[{"href":"https:\/\/asco-onera.com\/index.php\/wp-json\/wp\/v2\/types\/page"}],"author":[{"embeddable":true,"href":"https:\/\/asco-onera.com\/index.php\/wp-json\/wp\/v2\/users\/20"}],"replies":[{"embeddable":true,"href":"https:\/\/asco-onera.com\/index.php\/wp-json\/wp\/v2\/comments?post=537"}],"version-history":[{"count":9,"href":"https:\/\/asco-onera.com\/index.php\/wp-json\/wp\/v2\/pages\/537\/revisions"}],"predecessor-version":[{"id":6904,"href":"https:\/\/asco-onera.com\/index.php\/wp-json\/wp\/v2\/pages\/537\/revisions\/6904"}],"up":[{"embeddable":true,"href":"https:\/\/asco-onera.com\/index.php\/wp-json\/wp\/v2\/pages\/4700"}],"wp:attachment":[{"href":"https:\/\/asco-onera.com\/index.php\/wp-json\/wp\/v2\/media?parent=537"}],"curies":[{"name":"wp","href":"https:\/\/api.w.org\/{rel}","templated":true}]}}