{"id":53,"date":"2017-09-29T16:17:14","date_gmt":"2017-09-29T14:17:14","guid":{"rendered":"http:\/\/asco-onera.com\/?page_id=53"},"modified":"2024-04-26T15:37:37","modified_gmt":"2024-04-26T13:37:37","slug":"contacts","status":"publish","type":"page","link":"https:\/\/asco-onera.com\/index.php\/contacts\/","title":{"rendered":"Contacts ASCO"},"content":{"rendered":"<h3 class=\"rtecenter\" style=\"text-align: center;\">Pour tout renseignement, contactez <span style=\"background-color: #ffffff; color: #0000ff;\"><strong>Marie Lachaud<\/strong> <\/span>au secr\u00e9tariat<\/h3>\n<p style=\"text-align: center;\"><span style=\"color: #0000ff;\">Ch\u00e2tillon : bureau <strong>A.00.a12<\/strong><\/span><\/p>\n<p style=\"text-align: center;\"><span style=\"color: #0000ff;\">poste<strong> 34075<\/strong> &#8211; <strong><a style=\"color: #0000ff;\" href=\"mailto:asco@onera.fr\">asco@onera.fr<\/a><\/strong><\/span><\/p>\n<p class=\"rtecenter\" style=\"text-align: center;\"><strong>Horaires d&rsquo;ouverture du secr\u00e9tariat :<\/strong><em><br \/>\n<\/em><\/p>\n<p class=\"rtecenter\" style=\"text-align: center;\"><em>lundi, mardi et jeudi de 9h00 \u00e0 17h00<br \/>\n<\/em><\/p>\n<p class=\"rtecenter\" style=\"text-align: center;\"><em>vendredi de 9h00 \u00e0 16h30<br \/>\n<\/em><\/p>\n<p style=\"text-align: center;\"><em>mercredi en t\u00e9l\u00e9travail de 9h00 \u00e0 17h00<\/em><\/p>\n","protected":false},"excerpt":{"rendered":"<p>Pour tout renseignement, contactez Marie Lachaud au secr\u00e9tariat Ch\u00e2tillon : bureau A.00.a12 poste 34075 &#8211; asco@onera.fr Horaires d&rsquo;ouverture du secr\u00e9tariat : lundi, mardi et jeudi &hellip; <\/p>\n","protected":false},"author":1,"featured_media":0,"parent":0,"menu_order":0,"comment_status":"closed","ping_status":"closed","template":"","meta":{"footnotes":"","_mc_calendar":[]},"_links":{"self":[{"href":"https:\/\/asco-onera.com\/index.php\/wp-json\/wp\/v2\/pages\/53"}],"collection":[{"href":"https:\/\/asco-onera.com\/index.php\/wp-json\/wp\/v2\/pages"}],"about":[{"href":"https:\/\/asco-onera.com\/index.php\/wp-json\/wp\/v2\/types\/page"}],"author":[{"embeddable":true,"href":"https:\/\/asco-onera.com\/index.php\/wp-json\/wp\/v2\/users\/1"}],"replies":[{"embeddable":true,"href":"https:\/\/asco-onera.com\/index.php\/wp-json\/wp\/v2\/comments?post=53"}],"version-history":[{"count":18,"href":"https:\/\/asco-onera.com\/index.php\/wp-json\/wp\/v2\/pages\/53\/revisions"}],"predecessor-version":[{"id":5855,"href":"https:\/\/asco-onera.com\/index.php\/wp-json\/wp\/v2\/pages\/53\/revisions\/5855"}],"wp:attachment":[{"href":"https:\/\/asco-onera.com\/index.php\/wp-json\/wp\/v2\/media?parent=53"}],"curies":[{"name":"wp","href":"https:\/\/api.w.org\/{rel}","templated":true}]}}