{"id":506,"date":"2017-10-12T16:16:08","date_gmt":"2017-10-12T14:16:08","guid":{"rendered":"https:\/\/asco-onera.com\/?page_id=506"},"modified":"2024-04-03T16:56:50","modified_gmt":"2024-04-03T14:56:50","slug":"croisiere-fluviale","status":"publish","type":"page","link":"https:\/\/asco-onera.com\/index.php\/liste-des-sections\/nos-sections-sportives\/croisiere-fluviale\/","title":{"rendered":"ASCO Croisi\u00e8re fluviale"},"content":{"rendered":"<div class=\"members-access-error\">\n<p>D\u00e9sol\u00e9, vous n&rsquo;\u00eates pas autoris\u00e9.e \u00e0 voir ce contenu.<\/p>\n<\/div>\n","protected":false},"excerpt":{"rendered":"<div class=\"members-access-error\">\n<p>D\u00e9sol\u00e9, vous n&rsquo;\u00eates pas autoris\u00e9.e \u00e0 voir ce contenu.<\/p>\n<\/div>\n","protected":false},"author":17,"featured_media":507,"parent":4700,"menu_order":0,"comment_status":"closed","ping_status":"closed","template":"","meta":{"footnotes":"","_mc_calendar":[]},"_links":{"self":[{"href":"https:\/\/asco-onera.com\/index.php\/wp-json\/wp\/v2\/pages\/506"}],"collection":[{"href":"https:\/\/asco-onera.com\/index.php\/wp-json\/wp\/v2\/pages"}],"about":[{"href":"https:\/\/asco-onera.com\/index.php\/wp-json\/wp\/v2\/types\/page"}],"author":[{"embeddable":true,"href":"https:\/\/asco-onera.com\/index.php\/wp-json\/wp\/v2\/users\/17"}],"replies":[{"embeddable":true,"href":"https:\/\/asco-onera.com\/index.php\/wp-json\/wp\/v2\/comments?post=506"}],"version-history":[{"count":32,"href":"https:\/\/asco-onera.com\/index.php\/wp-json\/wp\/v2\/pages\/506\/revisions"}],"predecessor-version":[{"id":5219,"href":"https:\/\/asco-onera.com\/index.php\/wp-json\/wp\/v2\/pages\/506\/revisions\/5219"}],"up":[{"embeddable":true,"href":"https:\/\/asco-onera.com\/index.php\/wp-json\/wp\/v2\/pages\/4700"}],"wp:featuredmedia":[{"embeddable":true,"href":"https:\/\/asco-onera.com\/index.php\/wp-json\/wp\/v2\/media\/507"}],"wp:attachment":[{"href":"https:\/\/asco-onera.com\/index.php\/wp-json\/wp\/v2\/media?parent=506"}],"curies":[{"name":"wp","href":"https:\/\/api.w.org\/{rel}","templated":true}]}}