{"id":4815,"date":"2023-05-23T11:13:36","date_gmt":"2023-05-23T09:13:36","guid":{"rendered":"https:\/\/asco-onera.com\/?page_id=4815"},"modified":"2023-08-29T08:39:30","modified_gmt":"2023-08-29T06:39:30","slug":"photos-tournoi-interne-onera-2022","status":"publish","type":"page","link":"https:\/\/asco-onera.com\/index.php\/liste-des-sections\/nos-sections-sportives\/volley-ball\/photos-tournoi-interne-onera-2022\/","title":{"rendered":"Photos tournoi interne ONERA 2022"},"content":{"rendered":"<div class=\"members-access-error\">\n<p>D\u00e9sol\u00e9, vous n&rsquo;\u00eates pas autoris\u00e9.e \u00e0 voir ce contenu.<\/p>\n<\/div>\n","protected":false},"excerpt":{"rendered":"<div class=\"members-access-error\">\n<p>D\u00e9sol\u00e9, vous n&rsquo;\u00eates pas autoris\u00e9.e \u00e0 voir ce contenu.<\/p>\n<\/div>\n","protected":false},"author":27,"featured_media":0,"parent":696,"menu_order":0,"comment_status":"closed","ping_status":"closed","template":"","meta":{"footnotes":"","_mc_calendar":[]},"_links":{"self":[{"href":"https:\/\/asco-onera.com\/index.php\/wp-json\/wp\/v2\/pages\/4815"}],"collection":[{"href":"https:\/\/asco-onera.com\/index.php\/wp-json\/wp\/v2\/pages"}],"about":[{"href":"https:\/\/asco-onera.com\/index.php\/wp-json\/wp\/v2\/types\/page"}],"author":[{"embeddable":true,"href":"https:\/\/asco-onera.com\/index.php\/wp-json\/wp\/v2\/users\/27"}],"replies":[{"embeddable":true,"href":"https:\/\/asco-onera.com\/index.php\/wp-json\/wp\/v2\/comments?post=4815"}],"version-history":[{"count":9,"href":"https:\/\/asco-onera.com\/index.php\/wp-json\/wp\/v2\/pages\/4815\/revisions"}],"predecessor-version":[{"id":5307,"href":"https:\/\/asco-onera.com\/index.php\/wp-json\/wp\/v2\/pages\/4815\/revisions\/5307"}],"up":[{"embeddable":true,"href":"https:\/\/asco-onera.com\/index.php\/wp-json\/wp\/v2\/pages\/696"}],"wp:attachment":[{"href":"https:\/\/asco-onera.com\/index.php\/wp-json\/wp\/v2\/media?parent=4815"}],"curies":[{"name":"wp","href":"https:\/\/api.w.org\/{rel}","templated":true}]}}