{"id":4700,"date":"2023-03-16T11:37:26","date_gmt":"2023-03-16T10:37:26","guid":{"rendered":"https:\/\/asco-onera.com\/?page_id=4700"},"modified":"2026-01-21T16:52:47","modified_gmt":"2026-01-21T15:52:47","slug":"nos-sections-sportives","status":"publish","type":"page","link":"https:\/\/asco-onera.com\/index.php\/liste-des-sections\/nos-sections-sportives\/","title":{"rendered":"Nos sections sportives"},"content":{"rendered":"<div class=\"members-access-error\">\n<p>D\u00e9sol\u00e9, vous n&rsquo;\u00eates pas autoris\u00e9.e \u00e0 voir ce contenu.<\/p>\n<\/div>\n","protected":false},"excerpt":{"rendered":"<div class=\"members-access-error\">\n<p>D\u00e9sol\u00e9, vous n&rsquo;\u00eates pas autoris\u00e9.e \u00e0 voir ce contenu.<\/p>\n<\/div>\n","protected":false},"author":1,"featured_media":0,"parent":58,"menu_order":1,"comment_status":"closed","ping_status":"closed","template":"","meta":{"footnotes":"","_mc_calendar":[]},"_links":{"self":[{"href":"https:\/\/asco-onera.com\/index.php\/wp-json\/wp\/v2\/pages\/4700"}],"collection":[{"href":"https:\/\/asco-onera.com\/index.php\/wp-json\/wp\/v2\/pages"}],"about":[{"href":"https:\/\/asco-onera.com\/index.php\/wp-json\/wp\/v2\/types\/page"}],"author":[{"embeddable":true,"href":"https:\/\/asco-onera.com\/index.php\/wp-json\/wp\/v2\/users\/1"}],"replies":[{"embeddable":true,"href":"https:\/\/asco-onera.com\/index.php\/wp-json\/wp\/v2\/comments?post=4700"}],"version-history":[{"count":92,"href":"https:\/\/asco-onera.com\/index.php\/wp-json\/wp\/v2\/pages\/4700\/revisions"}],"predecessor-version":[{"id":7595,"href":"https:\/\/asco-onera.com\/index.php\/wp-json\/wp\/v2\/pages\/4700\/revisions\/7595"}],"up":[{"embeddable":true,"href":"https:\/\/asco-onera.com\/index.php\/wp-json\/wp\/v2\/pages\/58"}],"wp:attachment":[{"href":"https:\/\/asco-onera.com\/index.php\/wp-json\/wp\/v2\/media?parent=4700"}],"curies":[{"name":"wp","href":"https:\/\/api.w.org\/{rel}","templated":true}]}}