{"id":1935,"date":"2017-10-26T10:00:31","date_gmt":"2017-10-26T08:00:31","guid":{"rendered":"https:\/\/asco-onera.com\/?page_id=1935"},"modified":"2026-01-22T13:32:10","modified_gmt":"2026-01-22T12:32:10","slug":"jardins-compte-rendus-de-reunions","status":"publish","type":"page","link":"https:\/\/asco-onera.com\/index.php\/liste-des-sections\/nos-sections-culturelles\/jardins\/jardins-administration\/jardins-compte-rendus-de-reunions\/","title":{"rendered":"Compte rendus de r\u00e9unions ASCO Jardins"},"content":{"rendered":"<div class=\"members-access-error\">\n<p>D\u00e9sol\u00e9, vous n&rsquo;\u00eates pas autoris\u00e9.e \u00e0 voir ce contenu.<\/p>\n<\/div>\n","protected":false},"excerpt":{"rendered":"<div class=\"members-access-error\">\n<p>D\u00e9sol\u00e9, vous n&rsquo;\u00eates pas autoris\u00e9.e \u00e0 voir ce contenu.<\/p>\n<\/div>\n","protected":false},"author":29,"featured_media":0,"parent":1685,"menu_order":0,"comment_status":"closed","ping_status":"closed","template":"","meta":{"footnotes":"","_mc_calendar":[]},"_links":{"self":[{"href":"https:\/\/asco-onera.com\/index.php\/wp-json\/wp\/v2\/pages\/1935"}],"collection":[{"href":"https:\/\/asco-onera.com\/index.php\/wp-json\/wp\/v2\/pages"}],"about":[{"href":"https:\/\/asco-onera.com\/index.php\/wp-json\/wp\/v2\/types\/page"}],"author":[{"embeddable":true,"href":"https:\/\/asco-onera.com\/index.php\/wp-json\/wp\/v2\/users\/29"}],"replies":[{"embeddable":true,"href":"https:\/\/asco-onera.com\/index.php\/wp-json\/wp\/v2\/comments?post=1935"}],"version-history":[{"count":8,"href":"https:\/\/asco-onera.com\/index.php\/wp-json\/wp\/v2\/pages\/1935\/revisions"}],"predecessor-version":[{"id":7720,"href":"https:\/\/asco-onera.com\/index.php\/wp-json\/wp\/v2\/pages\/1935\/revisions\/7720"}],"up":[{"embeddable":true,"href":"https:\/\/asco-onera.com\/index.php\/wp-json\/wp\/v2\/pages\/1685"}],"wp:attachment":[{"href":"https:\/\/asco-onera.com\/index.php\/wp-json\/wp\/v2\/media?parent=1935"}],"curies":[{"name":"wp","href":"https:\/\/api.w.org\/{rel}","templated":true}]}}