{"id":1233,"date":"2017-10-18T10:33:14","date_gmt":"2017-10-18T08:33:14","guid":{"rendered":"https:\/\/asco-onera.com\/?page_id=1233"},"modified":"2025-11-27T11:49:53","modified_gmt":"2025-11-27T10:49:53","slug":"jardins-reglement-interieur","status":"publish","type":"page","link":"https:\/\/asco-onera.com\/index.php\/liste-des-sections\/nos-sections-culturelles\/jardins\/jardins-administration\/jardins-reglement-interieur\/","title":{"rendered":"R\u00e8glement int\u00e9rieur ASCO Jardins"},"content":{"rendered":"<div class=\"members-access-error\">\n<p>D\u00e9sol\u00e9, vous n&rsquo;\u00eates pas autoris\u00e9.e \u00e0 voir ce contenu.<\/p>\n<\/div>\n","protected":false},"excerpt":{"rendered":"<div class=\"members-access-error\">\n<p>D\u00e9sol\u00e9, vous n&rsquo;\u00eates pas autoris\u00e9.e \u00e0 voir ce contenu.<\/p>\n<\/div>\n","protected":false},"author":29,"featured_media":0,"parent":1685,"menu_order":0,"comment_status":"closed","ping_status":"closed","template":"","meta":{"footnotes":"","_mc_calendar":[]},"_links":{"self":[{"href":"https:\/\/asco-onera.com\/index.php\/wp-json\/wp\/v2\/pages\/1233"}],"collection":[{"href":"https:\/\/asco-onera.com\/index.php\/wp-json\/wp\/v2\/pages"}],"about":[{"href":"https:\/\/asco-onera.com\/index.php\/wp-json\/wp\/v2\/types\/page"}],"author":[{"embeddable":true,"href":"https:\/\/asco-onera.com\/index.php\/wp-json\/wp\/v2\/users\/29"}],"replies":[{"embeddable":true,"href":"https:\/\/asco-onera.com\/index.php\/wp-json\/wp\/v2\/comments?post=1233"}],"version-history":[{"count":8,"href":"https:\/\/asco-onera.com\/index.php\/wp-json\/wp\/v2\/pages\/1233\/revisions"}],"predecessor-version":[{"id":7244,"href":"https:\/\/asco-onera.com\/index.php\/wp-json\/wp\/v2\/pages\/1233\/revisions\/7244"}],"up":[{"embeddable":true,"href":"https:\/\/asco-onera.com\/index.php\/wp-json\/wp\/v2\/pages\/1685"}],"wp:attachment":[{"href":"https:\/\/asco-onera.com\/index.php\/wp-json\/wp\/v2\/media?parent=1233"}],"curies":[{"name":"wp","href":"https:\/\/api.w.org\/{rel}","templated":true}]}}